{"id":5857,"date":"2023-08-31T12:21:57","date_gmt":"2023-08-31T12:21:57","guid":{"rendered":"https:\/\/arani.al\/?page_id=5857"},"modified":"2024-03-14T14:09:36","modified_gmt":"2024-03-14T14:09:36","slug":"about-us","status":"publish","type":"page","link":"https:\/\/arani.al\/sq\/about-us\/","title":{"rendered":"RRETH NESH"},"content":{"rendered":"<div data-elementor-type=\"wp-page\" data-elementor-id=\"5857\" class=\"elementor elementor-5857\">\n\t\t\t\t\t\t<section class=\"elementor-section elementor-top-section elementor-element elementor-element-3ddf75f elementor-section-full_width elementor-section-height-default elementor-section-height-default\" data-id=\"3ddf75f\" data-element_type=\"section\" data-settings=\"{&quot;background_background&quot;:&quot;classic&quot;,&quot;background_motion_fx_motion_fx_scrolling&quot;:&quot;yes&quot;,&quot;background_motion_fx_devices&quot;:[&quot;desktop&quot;,&quot;tablet&quot;,&quot;mobile&quot;]}\">\n\t\t\t\t\t\t<div class=\"elementor-container elementor-column-gap-default\">\n\t\t\t\t\t<div class=\"elementor-column elementor-col-100 elementor-top-column elementor-element elementor-element-2fb3d1d\" data-id=\"2fb3d1d\" data-element_type=\"column\" data-settings=\"{&quot;background_background&quot;:&quot;classic&quot;}\">\n\t\t\t<div class=\"elementor-widget-wrap elementor-element-populated\">\n\t\t\t\t\t\t<section class=\"elementor-section elementor-inner-section elementor-element elementor-element-0ae046e elementor-section-boxed elementor-section-height-default elementor-section-height-default\" data-id=\"0ae046e\" data-element_type=\"section\">\n\t\t\t\t\t\t<div class=\"elementor-container elementor-column-gap-default\">\n\t\t\t\t\t<div class=\"elementor-column elementor-col-100 elementor-inner-column elementor-element elementor-element-86fd51d\" data-id=\"86fd51d\" data-element_type=\"column\">\n\t\t\t<div class=\"elementor-widget-wrap elementor-element-populated\">\n\t\t\t\t\t\t<div class=\"elementor-element elementor-element-647965c elementor-widget elementor-widget-spacer\" data-id=\"647965c\" data-element_type=\"widget\" data-widget_type=\"spacer.default\">\n\t\t\t\t<div class=\"elementor-widget-container\">\n\t\t\t\t\t\t\t<div class=\"elementor-spacer\">\n\t\t\t<div class=\"elementor-spacer-inner\"><\/div>\n\t\t<\/div>\n\t\t\t\t\t\t<\/div>\n\t\t\t\t<\/div>\n\t\t\t\t<div class=\"elementor-element elementor-element-38a7ec1 elementor-widget-divider--view-line elementor-widget elementor-widget-divider\" data-id=\"38a7ec1\" data-element_type=\"widget\" data-widget_type=\"divider.default\">\n\t\t\t\t<div class=\"elementor-widget-container\">\n\t\t\t\t\t\t\t<div class=\"elementor-divider\">\n\t\t\t<span class=\"elementor-divider-separator\">\n\t\t\t\t\t\t<\/span>\n\t\t<\/div>\n\t\t\t\t\t\t<\/div>\n\t\t\t\t<\/div>\n\t\t\t\t\t<\/div>\n\t\t<\/div>\n\t\t\t\t\t<\/div>\n\t\t<\/section>\n\t\t\t\t<section class=\"elementor-section elementor-inner-section elementor-element elementor-element-c1add07 elementor-section-boxed elementor-section-height-default elementor-section-height-default\" data-id=\"c1add07\" data-element_type=\"section\">\n\t\t\t\t\t\t<div class=\"elementor-container elementor-column-gap-default\">\n\t\t\t\t\t<div class=\"elementor-column elementor-col-50 elementor-inner-column elementor-element elementor-element-38a225b\" data-id=\"38a225b\" data-element_type=\"column\">\n\t\t\t<div class=\"elementor-widget-wrap elementor-element-populated\">\n\t\t\t\t\t\t<div class=\"elementor-element elementor-element-1b0c11f elementor-widget__width-initial elementor-widget elementor-widget-heading\" data-id=\"1b0c11f\" data-element_type=\"widget\" data-widget_type=\"heading.default\">\n\t\t\t\t<div class=\"elementor-widget-container\">\n\t\t\t\t\t<h2 class=\"elementor-heading-title elementor-size-default\">RRETH NESH<\/h2>\t\t\t\t<\/div>\n\t\t\t\t<\/div>\n\t\t\t\t<div class=\"elementor-element elementor-element-4ce882d elementor-widget elementor-widget-heading\" data-id=\"4ce882d\" data-element_type=\"widget\" data-widget_type=\"heading.default\">\n\t\t\t\t<div class=\"elementor-widget-container\">\n\t\t\t\t\t<h3 class=\"elementor-heading-title elementor-size-default\">KOMPANIA ARANI OPERON N\u00cb TREG PREJ VITIT 2006<\/h3>\t\t\t\t<\/div>\n\t\t\t\t<\/div>\n\t\t\t\t<div class=\"elementor-element elementor-element-a888478 elementor-widget elementor-widget-text-editor\" data-id=\"a888478\" data-element_type=\"widget\" data-widget_type=\"text-editor.default\">\n\t\t\t\t<div class=\"elementor-widget-container\">\n\t\t\t\t\t\t\t\t\t<p>Arani operon n\u00eb sektorin e p\u00ebrpunimit t\u00eb mishit dhe prodhimit t\u00eb sallameve duke u bazuar n\u00eb ideologjin\u00eb se \u00e7el\u00ebsi i \u00e7do suksesi \u00ebsht\u00eb kualiteti. P\u00ebrdorimi i mishrave t\u00eb zgjedhur, implementimi i teknologjis\u00eb Gjermane si dhe kushtet e larta higjenike soll\u00ebn si rrjedhoj\u00eb \u00e7ertifikimin e firm\u00ebs ne vitin 2008 me ISO 22000. Rrjeti tregtar eshte i shtrir\u00eb n\u00eb t\u00eb gjith\u00eb shqip\u00ebrin\u00eb ku produktet shp\u00ebrndahen me automjeteti frigoriferike t\u00eb Firm\u00ebs. Produktet e nd\u00ebrthurura me tradit\u00ebn m\u00eb t\u00eb mir\u00eb Shqiptare p\u00ebrb\u00ebjn\u00eb nj\u00eb gam\u00eb prej m\u00eb shum\u00eb se 40 artikuj, kryesisht: Byftek, Qofte, Mish i grir\u00eb, Sallame t\u00eb ndryshme dhe Proshuta.<\/p>\t\t\t\t\t\t\t\t<\/div>\n\t\t\t\t<\/div>\n\t\t\t\t\t<\/div>\n\t\t<\/div>\n\t\t\t\t<div class=\"elementor-column elementor-col-50 elementor-inner-column elementor-element elementor-element-c3c7e16\" data-id=\"c3c7e16\" data-element_type=\"column\">\n\t\t\t<div class=\"elementor-widget-wrap elementor-element-populated\">\n\t\t\t\t\t\t<div class=\"elementor-element elementor-element-715faf9 elementor-widget elementor-widget-image\" data-id=\"715faf9\" data-element_type=\"widget\" data-widget_type=\"image.default\">\n\t\t\t\t<div class=\"elementor-widget-container\">\n\t\t\t\t\t\t\t\t\t\t\t\t\t\t\t<img fetchpriority=\"high\" decoding=\"async\" width=\"800\" height=\"623\" src=\"https:\/\/arani.al\/wp-content\/uploads\/2023\/12\/aboutImg-1024x797.png\" class=\"attachment-large size-large wp-image-6986\" alt=\"\" srcset=\"https:\/\/arani.al\/wp-content\/uploads\/2023\/12\/aboutImg-1024x797.png 1024w, https:\/\/arani.al\/wp-content\/uploads\/2023\/12\/aboutImg-300x234.png 300w, https:\/\/arani.al\/wp-content\/uploads\/2023\/12\/aboutImg-768x598.png 768w, https:\/\/arani.al\/wp-content\/uploads\/2023\/12\/aboutImg.png 1320w\" sizes=\"(max-width: 800px) 100vw, 800px\" \/>\t\t\t\t\t\t\t\t\t\t\t\t\t\t\t<\/div>\n\t\t\t\t<\/div>\n\t\t\t\t\t<\/div>\n\t\t<\/div>\n\t\t\t\t\t<\/div>\n\t\t<\/section>\n\t\t\t\t<div class=\"elementor-element elementor-element-1078303 elementor-widget elementor-widget-spacer\" data-id=\"1078303\" data-element_type=\"widget\" data-widget_type=\"spacer.default\">\n\t\t\t\t<div class=\"elementor-widget-container\">\n\t\t\t\t\t\t\t<div class=\"elementor-spacer\">\n\t\t\t<div class=\"elementor-spacer-inner\"><\/div>\n\t\t<\/div>\n\t\t\t\t\t\t<\/div>\n\t\t\t\t<\/div>\n\t\t\t\t<section class=\"elementor-section elementor-inner-section elementor-element elementor-element-010ac42 elementor-section-full_width elementor-section-height-default elementor-section-height-default\" data-id=\"010ac42\" data-element_type=\"section\">\n\t\t\t\t\t\t<div class=\"elementor-container elementor-column-gap-default\">\n\t\t\t\t\t<div class=\"elementor-column elementor-col-25 elementor-inner-column elementor-element elementor-element-8ade950 elementor-hidden-mobile\" data-id=\"8ade950\" data-element_type=\"column\">\n\t\t\t<div class=\"elementor-widget-wrap elementor-element-populated\">\n\t\t\t\t\t\t<div class=\"elementor-element elementor-element-72bbfff elementor-widget elementor-widget-image\" data-id=\"72bbfff\" data-element_type=\"widget\" data-settings=\"{&quot;motion_fx_motion_fx_scrolling&quot;:&quot;yes&quot;,&quot;motion_fx_translateY_effect&quot;:&quot;yes&quot;,&quot;motion_fx_translateY_speed&quot;:{&quot;unit&quot;:&quot;px&quot;,&quot;size&quot;:4,&quot;sizes&quot;:[]},&quot;motion_fx_translateY_affectedRange&quot;:{&quot;unit&quot;:&quot;%&quot;,&quot;size&quot;:&quot;&quot;,&quot;sizes&quot;:{&quot;start&quot;:0,&quot;end&quot;:100}},&quot;motion_fx_devices&quot;:[&quot;desktop&quot;,&quot;tablet&quot;,&quot;mobile&quot;]}\" data-widget_type=\"image.default\">\n\t\t\t\t<div class=\"elementor-widget-container\">\n\t\t\t\t\t\t\t\t\t\t\t\t\t\t\t<img decoding=\"async\" width=\"300\" height=\"250\" src=\"https:\/\/arani.al\/wp-content\/uploads\/2023\/08\/New-Project-1.png\" class=\"attachment-medium size-medium wp-image-5547\" alt=\"\" \/>\t\t\t\t\t\t\t\t\t\t\t\t\t\t\t<\/div>\n\t\t\t\t<\/div>\n\t\t\t\t<div class=\"elementor-element elementor-element-af7a996 elementor-widget elementor-widget-image\" data-id=\"af7a996\" data-element_type=\"widget\" data-settings=\"{&quot;motion_fx_motion_fx_scrolling&quot;:&quot;yes&quot;,&quot;motion_fx_translateY_effect&quot;:&quot;yes&quot;,&quot;motion_fx_translateY_speed&quot;:{&quot;unit&quot;:&quot;px&quot;,&quot;size&quot;:4,&quot;sizes&quot;:[]},&quot;motion_fx_translateY_affectedRange&quot;:{&quot;unit&quot;:&quot;%&quot;,&quot;size&quot;:&quot;&quot;,&quot;sizes&quot;:{&quot;start&quot;:0,&quot;end&quot;:100}},&quot;motion_fx_devices&quot;:[&quot;desktop&quot;,&quot;tablet&quot;,&quot;mobile&quot;]}\" data-widget_type=\"image.default\">\n\t\t\t\t<div class=\"elementor-widget-container\">\n\t\t\t\t\t\t\t\t\t\t\t\t\t\t\t<img decoding=\"async\" width=\"300\" height=\"250\" src=\"https:\/\/arani.al\/wp-content\/uploads\/2023\/08\/New-Project-4.png\" class=\"attachment-medium size-medium wp-image-5642\" alt=\"\" \/>\t\t\t\t\t\t\t\t\t\t\t\t\t\t\t<\/div>\n\t\t\t\t<\/div>\n\t\t\t\t\t<\/div>\n\t\t<\/div>\n\t\t\t\t<div class=\"elementor-column elementor-col-25 elementor-inner-column elementor-element elementor-element-ad0b98a\" data-id=\"ad0b98a\" data-element_type=\"column\">\n\t\t\t<div class=\"elementor-widget-wrap elementor-element-populated\">\n\t\t\t\t\t\t<div class=\"elementor-element elementor-element-bed0399 elementor-widget elementor-widget-spacer\" data-id=\"bed0399\" data-element_type=\"widget\" data-widget_type=\"spacer.default\">\n\t\t\t\t<div class=\"elementor-widget-container\">\n\t\t\t\t\t\t\t<div class=\"elementor-spacer\">\n\t\t\t<div class=\"elementor-spacer-inner\"><\/div>\n\t\t<\/div>\n\t\t\t\t\t\t<\/div>\n\t\t\t\t<\/div>\n\t\t\t\t<div class=\"elementor-element elementor-element-95206a2 elementor-hidden-mobile elementor-widget elementor-widget-image\" data-id=\"95206a2\" data-element_type=\"widget\" data-widget_type=\"image.default\">\n\t\t\t\t<div class=\"elementor-widget-container\">\n\t\t\t\t\t\t\t\t\t\t\t\t\t\t\t<img loading=\"lazy\" decoding=\"async\" width=\"662\" height=\"1336\" src=\"https:\/\/arani.al\/wp-content\/uploads\/2023\/08\/Screenshot-2023-08-17-at-2.22.34-PM.png\" class=\"attachment-full size-full wp-image-5223\" alt=\"\" srcset=\"https:\/\/arani.al\/wp-content\/uploads\/2023\/08\/Screenshot-2023-08-17-at-2.22.34-PM.png 662w, https:\/\/arani.al\/wp-content\/uploads\/2023\/08\/Screenshot-2023-08-17-at-2.22.34-PM-149x300.png 149w, https:\/\/arani.al\/wp-content\/uploads\/2023\/08\/Screenshot-2023-08-17-at-2.22.34-PM-507x1024.png 507w\" sizes=\"(max-width: 662px) 100vw, 662px\" \/>\t\t\t\t\t\t\t\t\t\t\t\t\t\t\t<\/div>\n\t\t\t\t<\/div>\n\t\t\t\t\t<\/div>\n\t\t<\/div>\n\t\t\t\t<div class=\"elementor-column elementor-col-25 elementor-inner-column elementor-element elementor-element-341e90d\" data-id=\"341e90d\" data-element_type=\"column\">\n\t\t\t<div class=\"elementor-widget-wrap elementor-element-populated\">\n\t\t\t\t\t\t<div class=\"elementor-element elementor-element-49224af elementor-widget__width-initial elementor-widget elementor-widget-heading\" data-id=\"49224af\" data-element_type=\"widget\" data-widget_type=\"heading.default\">\n\t\t\t\t<div class=\"elementor-widget-container\">\n\t\t\t\t\t<h2 class=\"elementor-heading-title elementor-size-default\">DISTRIBUCIONI<\/h2>\t\t\t\t<\/div>\n\t\t\t\t<\/div>\n\t\t\t\t<div class=\"elementor-element elementor-element-54702e2 elementor-widget elementor-widget-heading\" data-id=\"54702e2\" data-element_type=\"widget\" data-widget_type=\"heading.default\">\n\t\t\t\t<div class=\"elementor-widget-container\">\n\t\t\t\t\t<h3 class=\"elementor-heading-title elementor-size-default\">RRJET I ORGANIZUAR SHITJE NE TE GJITHE SHQIPERINE<\/h3>\t\t\t\t<\/div>\n\t\t\t\t<\/div>\n\t\t\t\t<div class=\"elementor-element elementor-element-4803594 elementor-widget elementor-widget-text-editor\" data-id=\"4803594\" data-element_type=\"widget\" data-widget_type=\"text-editor.default\">\n\t\t\t\t<div class=\"elementor-widget-container\">\n\t\t\t\t\t\t\t\t\t<p>Arani ka nj\u00eb rrjet t\u00eb organizuar t\u00eb shitjes n\u00eb t\u00ebr\u00eb territorin e Shqip\u00ebris\u00eb. N\u00eb baz\u00eb t\u00eb organizimit t\u00eb mir\u00ebfillt\u00eb dhe p\u00ebrkushtimit t\u00eb vazhduesh\u00ebm p\u00ebr efikasitet n\u00eb pun\u00eb, teknologji t\u00eb avancuar, orientim kah bler\u00ebsit, si dhe n\u00eb baz\u00eb t\u00eb angazhimit t\u00eb punonj\u00ebsve t\u00eb kualifikuar, jan\u00eb arritur suksese shum\u00eb t\u00eb larta dhe t\u00eb q\u00ebndrueshme.<\/p><p>Arani aplikon procedura menaxhimi t\u00eb p\u00ebrkrahura me teknologji moderne, n\u00ebn udh\u00ebheqjen e nj\u00eb stafi q\u00eb trajnohet n\u00eb vazhdim\u00ebsi. Transporti i produkteve Arani kryhet nepermjet makinave moderne me sistem frigoriferik. Produktet mb\u00ebrrijn\u00eb n\u00eb destinacion brenda 24 or\u00ebve.<\/p>\t\t\t\t\t\t\t\t<\/div>\n\t\t\t\t<\/div>\n\t\t\t\t<div class=\"elementor-element elementor-element-a06c015 elementor-hidden-desktop elementor-hidden-tablet elementor-widget elementor-widget-image\" data-id=\"a06c015\" data-element_type=\"widget\" data-widget_type=\"image.default\">\n\t\t\t\t<div class=\"elementor-widget-container\">\n\t\t\t\t\t\t\t\t\t\t\t\t\t\t\t<img loading=\"lazy\" decoding=\"async\" width=\"662\" height=\"1336\" src=\"https:\/\/arani.al\/wp-content\/uploads\/2023\/08\/Screenshot-2023-08-17-at-2.22.34-PM.png\" class=\"attachment-full size-full wp-image-5223\" alt=\"\" srcset=\"https:\/\/arani.al\/wp-content\/uploads\/2023\/08\/Screenshot-2023-08-17-at-2.22.34-PM.png 662w, https:\/\/arani.al\/wp-content\/uploads\/2023\/08\/Screenshot-2023-08-17-at-2.22.34-PM-149x300.png 149w, https:\/\/arani.al\/wp-content\/uploads\/2023\/08\/Screenshot-2023-08-17-at-2.22.34-PM-507x1024.png 507w\" sizes=\"(max-width: 662px) 100vw, 662px\" \/>\t\t\t\t\t\t\t\t\t\t\t\t\t\t\t<\/div>\n\t\t\t\t<\/div>\n\t\t\t\t\t<\/div>\n\t\t<\/div>\n\t\t\t\t<div class=\"elementor-column elementor-col-25 elementor-inner-column elementor-element elementor-element-6a4092f elementor-hidden-mobile\" data-id=\"6a4092f\" data-element_type=\"column\">\n\t\t\t<div class=\"elementor-widget-wrap elementor-element-populated\">\n\t\t\t\t\t\t<div class=\"elementor-element elementor-element-db06a08 elementor-widget elementor-widget-image\" data-id=\"db06a08\" data-element_type=\"widget\" data-settings=\"{&quot;motion_fx_motion_fx_scrolling&quot;:&quot;yes&quot;,&quot;motion_fx_translateY_effect&quot;:&quot;yes&quot;,&quot;motion_fx_translateY_speed&quot;:{&quot;unit&quot;:&quot;px&quot;,&quot;size&quot;:4,&quot;sizes&quot;:[]},&quot;motion_fx_translateY_affectedRange&quot;:{&quot;unit&quot;:&quot;%&quot;,&quot;size&quot;:&quot;&quot;,&quot;sizes&quot;:{&quot;start&quot;:0,&quot;end&quot;:100}},&quot;motion_fx_devices&quot;:[&quot;desktop&quot;,&quot;tablet&quot;,&quot;mobile&quot;]}\" data-widget_type=\"image.default\">\n\t\t\t\t<div class=\"elementor-widget-container\">\n\t\t\t\t\t\t\t\t\t\t\t\t\t\t\t<img loading=\"lazy\" decoding=\"async\" width=\"300\" height=\"250\" src=\"https:\/\/arani.al\/wp-content\/uploads\/2023\/08\/New-Project-5.png\" class=\"attachment-medium size-medium wp-image-5664\" alt=\"\" \/>\t\t\t\t\t\t\t\t\t\t\t\t\t\t\t<\/div>\n\t\t\t\t<\/div>\n\t\t\t\t<div class=\"elementor-element elementor-element-e8a22df elementor-widget elementor-widget-image\" data-id=\"e8a22df\" data-element_type=\"widget\" data-settings=\"{&quot;motion_fx_motion_fx_scrolling&quot;:&quot;yes&quot;,&quot;motion_fx_translateY_effect&quot;:&quot;yes&quot;,&quot;motion_fx_translateY_speed&quot;:{&quot;unit&quot;:&quot;px&quot;,&quot;size&quot;:4,&quot;sizes&quot;:[]},&quot;motion_fx_translateY_affectedRange&quot;:{&quot;unit&quot;:&quot;%&quot;,&quot;size&quot;:&quot;&quot;,&quot;sizes&quot;:{&quot;start&quot;:0,&quot;end&quot;:100}},&quot;motion_fx_devices&quot;:[&quot;desktop&quot;,&quot;tablet&quot;,&quot;mobile&quot;]}\" data-widget_type=\"image.default\">\n\t\t\t\t<div class=\"elementor-widget-container\">\n\t\t\t\t\t\t\t\t\t\t\t\t\t\t\t<img loading=\"lazy\" decoding=\"async\" width=\"300\" height=\"250\" src=\"https:\/\/arani.al\/wp-content\/uploads\/2023\/09\/New-Project-10.png\" class=\"attachment-medium size-medium wp-image-6226\" alt=\"\" \/>\t\t\t\t\t\t\t\t\t\t\t\t\t\t\t<\/div>\n\t\t\t\t<\/div>\n\t\t\t\t\t<\/div>\n\t\t<\/div>\n\t\t\t\t\t<\/div>\n\t\t<\/section>\n\t\t\t\t<section class=\"elementor-section elementor-inner-section elementor-element elementor-element-5f7dbb9 elementor-section-full_width elementor-section-height-default elementor-section-height-default\" data-id=\"5f7dbb9\" data-element_type=\"section\" data-settings=\"{&quot;background_background&quot;:&quot;classic&quot;}\">\n\t\t\t\t\t\t\t<div class=\"elementor-background-overlay\"><\/div>\n\t\t\t\t\t\t\t<div class=\"elementor-container elementor-column-gap-default\">\n\t\t\t\t\t<div class=\"elementor-column elementor-col-50 elementor-inner-column elementor-element elementor-element-ff42d88\" data-id=\"ff42d88\" data-element_type=\"column\">\n\t\t\t<div class=\"elementor-widget-wrap elementor-element-populated\">\n\t\t\t\t\t\t<div class=\"elementor-element elementor-element-f5f7eea elementor-widget__width-initial elementor-widget elementor-widget-heading\" data-id=\"f5f7eea\" data-element_type=\"widget\" data-widget_type=\"heading.default\">\n\t\t\t\t<div class=\"elementor-widget-container\">\n\t\t\t\t\t<h2 class=\"elementor-heading-title elementor-size-default\">MISIONI<\/h2>\t\t\t\t<\/div>\n\t\t\t\t<\/div>\n\t\t\t\t<div class=\"elementor-element elementor-element-d77c07b elementor-widget elementor-widget-text-editor\" data-id=\"d77c07b\" data-element_type=\"widget\" data-widget_type=\"text-editor.default\">\n\t\t\t\t<div class=\"elementor-widget-container\">\n\t\t\t\t\t\t\t\t\t<p>Misioni i Arani-t eshte te ndihmoje ne rregullimin e tregut Shqiperi \u2013 Kosove. Te permiresoje imazhin e produkteve te mishit duke ofruar produkte superiore me \u00e7mim te perballueshem dhe konkurues.<\/p>\t\t\t\t\t\t\t\t<\/div>\n\t\t\t\t<\/div>\n\t\t\t\t\t<\/div>\n\t\t<\/div>\n\t\t\t\t<div class=\"elementor-column elementor-col-50 elementor-inner-column elementor-element elementor-element-d8bec9f\" data-id=\"d8bec9f\" data-element_type=\"column\">\n\t\t\t<div class=\"elementor-widget-wrap elementor-element-populated\">\n\t\t\t\t\t\t<div class=\"elementor-element elementor-element-fec8f3e elementor-widget__width-initial elementor-widget elementor-widget-heading\" data-id=\"fec8f3e\" data-element_type=\"widget\" data-widget_type=\"heading.default\">\n\t\t\t\t<div class=\"elementor-widget-container\">\n\t\t\t\t\t<h2 class=\"elementor-heading-title elementor-size-default\">VIZIONI<\/h2>\t\t\t\t<\/div>\n\t\t\t\t<\/div>\n\t\t\t\t<div class=\"elementor-element elementor-element-3d59b83 elementor-widget elementor-widget-text-editor\" data-id=\"3d59b83\" data-element_type=\"widget\" data-widget_type=\"text-editor.default\">\n\t\t\t\t<div class=\"elementor-widget-container\">\n\t\t\t\t\t\t\t\t\tVizioni i Arani \u00ebsht\u00eb te ndertoje nje treg te rregulluar, i orientuar nga qellimi p\u00ebrt te permbushur kerkesat e konsumatorit duket i ofruar produkte te shijshme, cilesore dhe te shendetshme duke plotesuar nevojat e tregut per nje brand te besueshem dhe te perballueshem.\t\t\t\t\t\t\t\t<\/div>\n\t\t\t\t<\/div>\n\t\t\t\t\t<\/div>\n\t\t<\/div>\n\t\t\t\t\t<\/div>\n\t\t<\/section>\n\t\t\t\t<div class=\"elementor-element elementor-element-112c946 elementor-widget elementor-widget-spacer\" data-id=\"112c946\" data-element_type=\"widget\" data-widget_type=\"spacer.default\">\n\t\t\t\t<div class=\"elementor-widget-container\">\n\t\t\t\t\t\t\t<div class=\"elementor-spacer\">\n\t\t\t<div class=\"elementor-spacer-inner\"><\/div>\n\t\t<\/div>\n\t\t\t\t\t\t<\/div>\n\t\t\t\t<\/div>\n\t\t\t\t\t<\/div>\n\t\t<\/div>\n\t\t\t\t\t<\/div>\n\t\t<\/section>\n\t\t\t\t<\/div>","protected":false},"excerpt":{"rendered":"<p>ABOUT US ARANI COMPANY HAS BEEN OPERATING IN THE MARKET SINCE 2006 Arani operates in the meat processing and sausage production sector based on the ideology that the key to any success is quality. The use of selected meats, the implementation of German technology as well as the high hygienic conditions resulted in the company&#8217;s [&hellip;]<\/p>","protected":false},"author":1,"featured_media":5461,"parent":0,"menu_order":0,"comment_status":"closed","ping_status":"closed","template":"elementor_header_footer","meta":{"footnotes":""},"class_list":["post-5857","page","type-page","status-publish","has-post-thumbnail","hentry"],"_links":{"self":[{"href":"https:\/\/arani.al\/sq\/wp-json\/wp\/v2\/pages\/5857","targetHints":{"allow":["GET"]}}],"collection":[{"href":"https:\/\/arani.al\/sq\/wp-json\/wp\/v2\/pages"}],"about":[{"href":"https:\/\/arani.al\/sq\/wp-json\/wp\/v2\/types\/page"}],"author":[{"embeddable":true,"href":"https:\/\/arani.al\/sq\/wp-json\/wp\/v2\/users\/1"}],"replies":[{"embeddable":true,"href":"https:\/\/arani.al\/sq\/wp-json\/wp\/v2\/comments?post=5857"}],"version-history":[{"count":264,"href":"https:\/\/arani.al\/sq\/wp-json\/wp\/v2\/pages\/5857\/revisions"}],"predecessor-version":[{"id":7538,"href":"https:\/\/arani.al\/sq\/wp-json\/wp\/v2\/pages\/5857\/revisions\/7538"}],"wp:featuredmedia":[{"embeddable":true,"href":"https:\/\/arani.al\/sq\/wp-json\/wp\/v2\/media\/5461"}],"wp:attachment":[{"href":"https:\/\/arani.al\/sq\/wp-json\/wp\/v2\/media?parent=5857"}],"curies":[{"name":"wp","href":"https:\/\/api.w.org\/{rel}","templated":true}]}}