{"id":5469,"date":"2023-08-28T13:27:38","date_gmt":"2023-08-28T13:27:38","guid":{"rendered":"https:\/\/arani.al\/?page_id=5469"},"modified":"2024-03-14T14:02:44","modified_gmt":"2024-03-14T14:02:44","slug":"crs-sponsor","status":"publish","type":"page","link":"https:\/\/arani.al\/sq\/crs-sponsor\/","title":{"rendered":"CRS &#038; SPONSOR"},"content":{"rendered":"<div data-elementor-type=\"wp-page\" data-elementor-id=\"5469\" class=\"elementor elementor-5469\">\n\t\t\t\t\t\t<section class=\"elementor-section elementor-top-section elementor-element elementor-element-3ddf75f elementor-section-full_width elementor-section-height-default elementor-section-height-default\" data-id=\"3ddf75f\" data-element_type=\"section\" data-settings=\"{&quot;background_background&quot;:&quot;classic&quot;,&quot;background_motion_fx_motion_fx_scrolling&quot;:&quot;yes&quot;,&quot;background_motion_fx_devices&quot;:[&quot;desktop&quot;,&quot;tablet&quot;,&quot;mobile&quot;]}\">\n\t\t\t\t\t\t<div class=\"elementor-container elementor-column-gap-default\">\n\t\t\t\t\t<div class=\"elementor-column elementor-col-100 elementor-top-column elementor-element elementor-element-2fb3d1d\" data-id=\"2fb3d1d\" data-element_type=\"column\" data-settings=\"{&quot;background_background&quot;:&quot;classic&quot;}\">\n\t\t\t<div class=\"elementor-widget-wrap elementor-element-populated\">\n\t\t\t\t\t\t<section class=\"elementor-section elementor-inner-section elementor-element elementor-element-0ae046e elementor-section-boxed elementor-section-height-default elementor-section-height-default\" data-id=\"0ae046e\" data-element_type=\"section\">\n\t\t\t\t\t\t<div class=\"elementor-container elementor-column-gap-default\">\n\t\t\t\t\t<div class=\"elementor-column elementor-col-100 elementor-inner-column elementor-element elementor-element-86fd51d\" data-id=\"86fd51d\" data-element_type=\"column\">\n\t\t\t<div class=\"elementor-widget-wrap elementor-element-populated\">\n\t\t\t\t\t\t<div class=\"elementor-element elementor-element-647965c elementor-widget elementor-widget-spacer\" data-id=\"647965c\" data-element_type=\"widget\" data-widget_type=\"spacer.default\">\n\t\t\t\t<div class=\"elementor-widget-container\">\n\t\t\t\t\t\t\t<div class=\"elementor-spacer\">\n\t\t\t<div class=\"elementor-spacer-inner\"><\/div>\n\t\t<\/div>\n\t\t\t\t\t\t<\/div>\n\t\t\t\t<\/div>\n\t\t\t\t<div class=\"elementor-element elementor-element-b51b18c elementor-widget elementor-widget-spacer\" data-id=\"b51b18c\" data-element_type=\"widget\" data-widget_type=\"spacer.default\">\n\t\t\t\t<div class=\"elementor-widget-container\">\n\t\t\t\t\t\t\t<div class=\"elementor-spacer\">\n\t\t\t<div class=\"elementor-spacer-inner\"><\/div>\n\t\t<\/div>\n\t\t\t\t\t\t<\/div>\n\t\t\t\t<\/div>\n\t\t\t\t<div class=\"elementor-element elementor-element-f7ab1c4 elementor-widget__width-initial elementor-widget elementor-widget-text-editor\" data-id=\"f7ab1c4\" data-element_type=\"widget\" data-widget_type=\"text-editor.default\">\n\t\t\t\t<div class=\"elementor-widget-container\">\n\t\t\t\t\t\t\t\t\t<p>CSR<\/p>\t\t\t\t\t\t\t\t<\/div>\n\t\t\t\t<\/div>\n\t\t\t\t\t<\/div>\n\t\t<\/div>\n\t\t\t\t\t<\/div>\n\t\t<\/section>\n\t\t\t\t<section class=\"elementor-section elementor-inner-section elementor-element elementor-element-f4fe107 elementor-section-full_width elementor-section-content-middle elementor-section-height-default elementor-section-height-default\" data-id=\"f4fe107\" data-element_type=\"section\">\n\t\t\t\t\t\t<div class=\"elementor-container elementor-column-gap-default\">\n\t\t\t\t\t<div class=\"elementor-column elementor-col-33 elementor-inner-column elementor-element elementor-element-cc5bed7 elementor-hidden-mobile\" data-id=\"cc5bed7\" data-element_type=\"column\">\n\t\t\t<div class=\"elementor-widget-wrap elementor-element-populated\">\n\t\t\t\t\t\t<div class=\"elementor-element elementor-element-72bbfff elementor-hidden-mobile elementor-widget elementor-widget-image\" data-id=\"72bbfff\" data-element_type=\"widget\" data-settings=\"{&quot;motion_fx_motion_fx_scrolling&quot;:&quot;yes&quot;,&quot;motion_fx_translateY_effect&quot;:&quot;yes&quot;,&quot;motion_fx_translateY_direction&quot;:&quot;negative&quot;,&quot;motion_fx_translateY_speed&quot;:{&quot;unit&quot;:&quot;px&quot;,&quot;size&quot;:7.20000000000000017763568394002504646778106689453125,&quot;sizes&quot;:[]},&quot;motion_fx_translateY_affectedRange&quot;:{&quot;unit&quot;:&quot;%&quot;,&quot;size&quot;:&quot;&quot;,&quot;sizes&quot;:{&quot;start&quot;:26,&quot;end&quot;:100}},&quot;motion_fx_scale_effect&quot;:&quot;yes&quot;,&quot;motion_fx_scale_direction&quot;:&quot;in-out&quot;,&quot;motion_fx_scale_speed&quot;:{&quot;unit&quot;:&quot;px&quot;,&quot;size&quot;:4,&quot;sizes&quot;:[]},&quot;motion_fx_scale_range&quot;:{&quot;unit&quot;:&quot;%&quot;,&quot;size&quot;:&quot;&quot;,&quot;sizes&quot;:{&quot;start&quot;:20,&quot;end&quot;:80}},&quot;motion_fx_devices&quot;:[&quot;desktop&quot;,&quot;tablet&quot;,&quot;mobile&quot;]}\" data-widget_type=\"image.default\">\n\t\t\t\t<div class=\"elementor-widget-container\">\n\t\t\t\t\t\t\t\t\t\t\t\t\t\t\t<img fetchpriority=\"high\" decoding=\"async\" width=\"300\" height=\"250\" src=\"https:\/\/arani.al\/wp-content\/uploads\/2023\/08\/New-Project-1.png\" class=\"attachment-medium size-medium wp-image-5547\" alt=\"\" \/>\t\t\t\t\t\t\t\t\t\t\t\t\t\t\t<\/div>\n\t\t\t\t<\/div>\n\t\t\t\t<div class=\"elementor-element elementor-element-4bf2983 elementor-widget elementor-widget-image\" data-id=\"4bf2983\" data-element_type=\"widget\" data-settings=\"{&quot;motion_fx_motion_fx_scrolling&quot;:&quot;yes&quot;,&quot;motion_fx_translateY_effect&quot;:&quot;yes&quot;,&quot;motion_fx_translateY_speed&quot;:{&quot;unit&quot;:&quot;px&quot;,&quot;size&quot;:4,&quot;sizes&quot;:[]},&quot;motion_fx_translateY_affectedRange&quot;:{&quot;unit&quot;:&quot;%&quot;,&quot;size&quot;:&quot;&quot;,&quot;sizes&quot;:{&quot;start&quot;:0,&quot;end&quot;:100}},&quot;motion_fx_devices&quot;:[&quot;desktop&quot;,&quot;tablet&quot;,&quot;mobile&quot;]}\" data-widget_type=\"image.default\">\n\t\t\t\t<div class=\"elementor-widget-container\">\n\t\t\t\t\t\t\t\t\t\t\t\t\t\t\t<img decoding=\"async\" width=\"300\" height=\"250\" src=\"https:\/\/arani.al\/wp-content\/uploads\/2023\/08\/New-Project-5.png\" class=\"attachment-medium size-medium wp-image-5664\" alt=\"\" \/>\t\t\t\t\t\t\t\t\t\t\t\t\t\t\t<\/div>\n\t\t\t\t<\/div>\n\t\t\t\t\t<\/div>\n\t\t<\/div>\n\t\t\t\t<div class=\"elementor-column elementor-col-33 elementor-inner-column elementor-element elementor-element-fe25b98\" data-id=\"fe25b98\" data-element_type=\"column\">\n\t\t\t<div class=\"elementor-widget-wrap elementor-element-populated\">\n\t\t\t\t\t\t<div class=\"elementor-element elementor-element-a888478 elementor-widget elementor-widget-text-editor\" data-id=\"a888478\" data-element_type=\"widget\" data-widget_type=\"text-editor.default\">\n\t\t\t\t<div class=\"elementor-widget-container\">\n\t\t\t\t\t\t\t\t\t<p>Corporate Social Responsibility e cila perkthehet n\u00eb \u201cP\u00ebrgjegj\u00ebsia Sociale e Korporat\u00ebs\u201d \u00ebsht\u00eb nj\u00eb model biznesi me an\u00eb t\u00eb t\u00eb cilit kompanit\u00eb b\u00ebjn\u00eb nj\u00eb p\u00ebrpjekje t\u00eb p\u00ebrbashk\u00ebt p\u00ebr t\u00eb vepruar n\u00eb m\u00ebnyra q\u00eb p\u00ebrmir\u00ebsojn\u00eb dhe jo degradojn\u00eb shoq\u00ebrin\u00eb dhe mjedisin.<\/p><p>\u00a0<\/p><p>Arani i kushton rendesi p\u00ebrgjegj\u00ebsis\u00eb q\u00eb mbajm\u00eb brenda industris\u00eb s\u00eb mishit. P\u00ebrkushtimi yn\u00eb shkon p\u00ebrtej ofrimit t\u00eb produkteve cil\u00ebsore; ka t\u00eb b\u00ebj\u00eb me krijimin e nj\u00eb modeli biznesi t\u00eb q\u00ebndruesh\u00ebm, etik dhe transparent q\u00eb vendos mjedisin, punonj\u00ebsit tan\u00eb, komunitetin , dhe, m\u00eb e r\u00ebnd\u00ebsishmja, mir\u00ebqenien e kafsh\u00ebve n\u00eb krye. Nga standardet tona rigoroze n\u00eb trajtimin human t\u00eb kafsh\u00ebve deri te p\u00ebrkushtimi yn\u00eb p\u00ebr t\u00eb reduktuar mbetjet dhe p\u00ebr t\u00eb mb\u00ebshtetur furnizuesit lokal\u00eb, ne jemi t\u00eb pal\u00ebkundur n\u00eb misionin ton\u00eb. Ne angazhohemi n\u00eb m\u00ebnyr\u00eb aktive me t\u00eb gjith\u00eb aktor\u00ebt tan\u00eb, duke siguruar q\u00eb nd\u00ebrsa vazhdojm\u00eb t\u00eb rritemi, te ofrojme nj\u00eb t\u00eb ardhme t\u00eb q\u00ebndrueshme n\u00eb industrin\u00eb e mishit.<\/p>\t\t\t\t\t\t\t\t<\/div>\n\t\t\t\t<\/div>\n\t\t\t\t<div class=\"elementor-element elementor-element-4fdd147 elementor-widget elementor-widget-text-editor\" data-id=\"4fdd147\" data-element_type=\"widget\" data-widget_type=\"text-editor.default\">\n\t\t\t\t<div class=\"elementor-widget-container\">\n\t\t\t\t\t\t\t\t\t<p>P\u00ebrpos p\u00ebrgjegj\u00ebsis\u00eb q\u00eb mbajm\u00eb brenda industris\u00eb s\u00eb mishit Arani \u00ebsht\u00eb nje kompani familjare e cila nuk ka rreshtur kurr\u00eb s\u00eb kontribuari n\u00eb shoq\u00ebrine ton\u00eb si dhe ate t\u00eb kat\u00ebrputroshave.<\/p><p>Arani beson se nj\u00eb trup i sh\u00ebndetsh\u00ebm funksionon mir\u00eb me nj\u00eb stomak t\u00eb plot por akoma m\u00eb mir\u00eb dhe me nj\u00eb zemer t\u00eb plot.<\/p>\t\t\t\t\t\t\t\t<\/div>\n\t\t\t\t<\/div>\n\t\t\t\t\t<\/div>\n\t\t<\/div>\n\t\t\t\t<div class=\"elementor-column elementor-col-33 elementor-inner-column elementor-element elementor-element-d6aba7b\" data-id=\"d6aba7b\" data-element_type=\"column\">\n\t\t\t<div class=\"elementor-widget-wrap elementor-element-populated\">\n\t\t\t\t\t\t<div class=\"elementor-element elementor-element-e530734 elementor-widget elementor-widget-image\" data-id=\"e530734\" data-element_type=\"widget\" data-settings=\"{&quot;motion_fx_motion_fx_scrolling&quot;:&quot;yes&quot;,&quot;motion_fx_translateY_effect&quot;:&quot;yes&quot;,&quot;motion_fx_translateY_speed&quot;:{&quot;unit&quot;:&quot;px&quot;,&quot;size&quot;:4,&quot;sizes&quot;:[]},&quot;motion_fx_translateY_affectedRange&quot;:{&quot;unit&quot;:&quot;%&quot;,&quot;size&quot;:&quot;&quot;,&quot;sizes&quot;:{&quot;start&quot;:0,&quot;end&quot;:100}},&quot;motion_fx_devices&quot;:[&quot;desktop&quot;,&quot;tablet&quot;,&quot;mobile&quot;]}\" data-widget_type=\"image.default\">\n\t\t\t\t<div class=\"elementor-widget-container\">\n\t\t\t\t\t\t\t\t\t\t\t\t\t\t\t<img decoding=\"async\" width=\"300\" height=\"250\" src=\"https:\/\/arani.al\/wp-content\/uploads\/2023\/08\/New-Project-5.png\" class=\"attachment-medium size-medium wp-image-5664\" alt=\"\" \/>\t\t\t\t\t\t\t\t\t\t\t\t\t\t\t<\/div>\n\t\t\t\t<\/div>\n\t\t\t\t<div class=\"elementor-element elementor-element-f1654b8 e-transform elementor-widget elementor-widget-image\" data-id=\"f1654b8\" data-element_type=\"widget\" data-settings=\"{&quot;motion_fx_motion_fx_mouse&quot;:&quot;yes&quot;,&quot;_transform_rotateZ_effect&quot;:{&quot;unit&quot;:&quot;px&quot;,&quot;size&quot;:-44,&quot;sizes&quot;:[]},&quot;_transform_rotateZ_effect_tablet&quot;:{&quot;unit&quot;:&quot;deg&quot;,&quot;size&quot;:&quot;&quot;,&quot;sizes&quot;:[]},&quot;_transform_rotateZ_effect_mobile&quot;:{&quot;unit&quot;:&quot;deg&quot;,&quot;size&quot;:&quot;&quot;,&quot;sizes&quot;:[]}}\" data-widget_type=\"image.default\">\n\t\t\t\t<div class=\"elementor-widget-container\">\n\t\t\t\t\t\t\t\t\t\t\t\t\t\t\t<img decoding=\"async\" width=\"300\" height=\"250\" src=\"https:\/\/arani.al\/wp-content\/uploads\/2023\/08\/New-Project.png\" class=\"attachment-medium size-medium wp-image-5530\" alt=\"\" \/>\t\t\t\t\t\t\t\t\t\t\t\t\t\t\t<\/div>\n\t\t\t\t<\/div>\n\t\t\t\t\t<\/div>\n\t\t<\/div>\n\t\t\t\t\t<\/div>\n\t\t<\/section>\n\t\t\t\t\t<\/div>\n\t\t<\/div>\n\t\t\t\t\t<\/div>\n\t\t<\/section>\n\t\t\t\t<\/div>","protected":false},"excerpt":{"rendered":"<p>CSR Corporate Social Responsibility, which translates into &#8220;Corporate Social Responsibility&#8221; is a business model through which companies make a joint effort to act in ways that improve and not degrade society and the environment. \u00a0 Arani values the responsibility we carry within the meat industry. Our commitment goes beyond providing quality products; it&#8217;s about creating [&hellip;]<\/p>","protected":false},"author":1,"featured_media":5461,"parent":0,"menu_order":0,"comment_status":"closed","ping_status":"closed","template":"elementor_header_footer","meta":{"footnotes":""},"class_list":["post-5469","page","type-page","status-publish","has-post-thumbnail","hentry"],"_links":{"self":[{"href":"https:\/\/arani.al\/sq\/wp-json\/wp\/v2\/pages\/5469","targetHints":{"allow":["GET"]}}],"collection":[{"href":"https:\/\/arani.al\/sq\/wp-json\/wp\/v2\/pages"}],"about":[{"href":"https:\/\/arani.al\/sq\/wp-json\/wp\/v2\/types\/page"}],"author":[{"embeddable":true,"href":"https:\/\/arani.al\/sq\/wp-json\/wp\/v2\/users\/1"}],"replies":[{"embeddable":true,"href":"https:\/\/arani.al\/sq\/wp-json\/wp\/v2\/comments?post=5469"}],"version-history":[{"count":360,"href":"https:\/\/arani.al\/sq\/wp-json\/wp\/v2\/pages\/5469\/revisions"}],"predecessor-version":[{"id":7517,"href":"https:\/\/arani.al\/sq\/wp-json\/wp\/v2\/pages\/5469\/revisions\/7517"}],"wp:featuredmedia":[{"embeddable":true,"href":"https:\/\/arani.al\/sq\/wp-json\/wp\/v2\/media\/5461"}],"wp:attachment":[{"href":"https:\/\/arani.al\/sq\/wp-json\/wp\/v2\/media?parent=5469"}],"curies":[{"name":"wp","href":"https:\/\/api.w.org\/{rel}","templated":true}]}}