{"id":5346,"date":"2023-08-24T08:35:02","date_gmt":"2023-08-24T08:35:02","guid":{"rendered":"https:\/\/arani.al\/?page_id=5346"},"modified":"2024-05-31T20:01:05","modified_gmt":"2024-05-31T20:01:05","slug":"mix","status":"publish","type":"page","link":"https:\/\/arani.al\/sq\/mix\/","title":{"rendered":"Miks"},"content":{"rendered":"<div data-elementor-type=\"wp-page\" data-elementor-id=\"5346\" class=\"elementor elementor-5346\">\n\t\t\t\t\t\t<section class=\"elementor-section elementor-top-section elementor-element elementor-element-1f49475d elementor-section-full_width elementor-section-height-default elementor-section-height-default\" data-id=\"1f49475d\" data-element_type=\"section\" data-settings=\"{&quot;background_background&quot;:&quot;classic&quot;}\">\n\t\t\t\t\t\t<div class=\"elementor-container elementor-column-gap-default\">\n\t\t\t\t\t<div class=\"elementor-column elementor-col-100 elementor-top-column elementor-element elementor-element-3e1aeeb9\" data-id=\"3e1aeeb9\" data-element_type=\"column\">\n\t\t\t<div class=\"elementor-widget-wrap elementor-element-populated\">\n\t\t\t\t\t\t<div class=\"elementor-element elementor-element-1307fdd elementor-widget__width-initial elementor-widget elementor-widget-heading\" data-id=\"1307fdd\" data-element_type=\"widget\" data-widget_type=\"heading.default\">\n\t\t\t\t<div class=\"elementor-widget-container\">\n\t\t\t\t\t<h2 class=\"elementor-heading-title elementor-size-default\">PRODUKTE MIKS<\/h2>\t\t\t\t<\/div>\n\t\t\t\t<\/div>\n\t\t\t\t<section class=\"elementor-section elementor-inner-section elementor-element elementor-element-f14287b elementor-section-full_width elementor-section-height-default elementor-section-height-default\" data-id=\"f14287b\" data-element_type=\"section\">\n\t\t\t\t\t\t<div class=\"elementor-container elementor-column-gap-default\">\n\t\t\t\t\t<div class=\"elementor-column elementor-col-33 elementor-inner-column elementor-element elementor-element-aea1ce1\" data-id=\"aea1ce1\" data-element_type=\"column\">\n\t\t\t<div class=\"elementor-widget-wrap elementor-element-populated\">\n\t\t\t\t\t\t<div class=\"elementor-element elementor-element-7ada22b elementor-widget elementor-widget-image\" data-id=\"7ada22b\" data-element_type=\"widget\" data-widget_type=\"image.default\">\n\t\t\t\t<div class=\"elementor-widget-container\">\n\t\t\t\t\t\t\t\t\t\t\t\t\t\t\t<img fetchpriority=\"high\" decoding=\"async\" width=\"410\" height=\"351\" src=\"https:\/\/arani.al\/wp-content\/uploads\/2023\/08\/slider-ph-1.png\" class=\"attachment-large size-large wp-image-5628\" alt=\"\" srcset=\"https:\/\/arani.al\/wp-content\/uploads\/2023\/08\/slider-ph-1.png 410w, https:\/\/arani.al\/wp-content\/uploads\/2023\/08\/slider-ph-1-300x257.png 300w\" sizes=\"(max-width: 410px) 100vw, 410px\" \/>\t\t\t\t\t\t\t\t\t\t\t\t\t\t\t<\/div>\n\t\t\t\t<\/div>\n\t\t\t\t<div class=\"elementor-element elementor-element-7cd8f60 elementor-widget elementor-widget-heading\" data-id=\"7cd8f60\" data-element_type=\"widget\" data-widget_type=\"heading.default\">\n\t\t\t\t<div class=\"elementor-widget-container\">\n\t\t\t\t\t<h2 class=\"elementor-heading-title elementor-size-default\">Mish i Grir\u00eb<\/h2>\t\t\t\t<\/div>\n\t\t\t\t<\/div>\n\t\t\t\t\t<\/div>\n\t\t<\/div>\n\t\t\t\t<div class=\"elementor-column elementor-col-33 elementor-inner-column elementor-element elementor-element-8967817\" data-id=\"8967817\" data-element_type=\"column\">\n\t\t\t<div class=\"elementor-widget-wrap elementor-element-populated\">\n\t\t\t\t\t\t<div class=\"elementor-element elementor-element-58cd283 elementor-widget elementor-widget-image\" data-id=\"58cd283\" data-element_type=\"widget\" data-widget_type=\"image.default\">\n\t\t\t\t<div class=\"elementor-widget-container\">\n\t\t\t\t\t\t\t\t\t\t\t\t\t\t\t<img fetchpriority=\"high\" decoding=\"async\" width=\"410\" height=\"351\" src=\"https:\/\/arani.al\/wp-content\/uploads\/2023\/08\/slider-ph-1.png\" class=\"attachment-large size-large wp-image-5628\" alt=\"\" srcset=\"https:\/\/arani.al\/wp-content\/uploads\/2023\/08\/slider-ph-1.png 410w, https:\/\/arani.al\/wp-content\/uploads\/2023\/08\/slider-ph-1-300x257.png 300w\" sizes=\"(max-width: 410px) 100vw, 410px\" \/>\t\t\t\t\t\t\t\t\t\t\t\t\t\t\t<\/div>\n\t\t\t\t<\/div>\n\t\t\t\t<div class=\"elementor-element elementor-element-228ef5e elementor-widget elementor-widget-heading\" data-id=\"228ef5e\" data-element_type=\"widget\" data-widget_type=\"heading.default\">\n\t\t\t\t<div class=\"elementor-widget-container\">\n\t\t\t\t\t<h2 class=\"elementor-heading-title elementor-size-default\">K\u00ebrnack\u00eb<\/h2>\t\t\t\t<\/div>\n\t\t\t\t<\/div>\n\t\t\t\t\t<\/div>\n\t\t<\/div>\n\t\t\t\t<div class=\"elementor-column elementor-col-33 elementor-inner-column elementor-element elementor-element-946537d\" data-id=\"946537d\" data-element_type=\"column\">\n\t\t\t<div class=\"elementor-widget-wrap elementor-element-populated\">\n\t\t\t\t\t\t<div class=\"elementor-element elementor-element-8290466 elementor-widget elementor-widget-image\" data-id=\"8290466\" data-element_type=\"widget\" data-widget_type=\"image.default\">\n\t\t\t\t<div class=\"elementor-widget-container\">\n\t\t\t\t\t\t\t\t\t\t\t\t\t\t\t<img decoding=\"async\" width=\"500\" height=\"500\" src=\"https:\/\/arani.al\/wp-content\/uploads\/2024\/04\/peskvica-01.png\" class=\"attachment-large size-large wp-image-7632\" alt=\"\" srcset=\"https:\/\/arani.al\/wp-content\/uploads\/2024\/04\/peskvica-01.png 500w, https:\/\/arani.al\/wp-content\/uploads\/2024\/04\/peskvica-01-300x300.png 300w, https:\/\/arani.al\/wp-content\/uploads\/2024\/04\/peskvica-01-150x150.png 150w, https:\/\/arani.al\/wp-content\/uploads\/2024\/04\/peskvica-01-12x12.png 12w\" sizes=\"(max-width: 500px) 100vw, 500px\" \/>\t\t\t\t\t\t\t\t\t\t\t\t\t\t\t<\/div>\n\t\t\t\t<\/div>\n\t\t\t\t<div class=\"elementor-element elementor-element-c59cc1a elementor-widget elementor-widget-heading\" data-id=\"c59cc1a\" data-element_type=\"widget\" data-widget_type=\"heading.default\">\n\t\t\t\t<div class=\"elementor-widget-container\">\n\t\t\t\t\t<h2 class=\"elementor-heading-title elementor-size-default\">Peskavic\u00eb<\/h2>\t\t\t\t<\/div>\n\t\t\t\t<\/div>\n\t\t\t\t\t<\/div>\n\t\t<\/div>\n\t\t\t\t\t<\/div>\n\t\t<\/section>\n\t\t\t\t<section class=\"elementor-section elementor-inner-section elementor-element elementor-element-0300bb7 elementor-section-full_width elementor-section-height-default elementor-section-height-default\" data-id=\"0300bb7\" data-element_type=\"section\">\n\t\t\t\t\t\t<div class=\"elementor-container elementor-column-gap-default\">\n\t\t\t\t\t<div class=\"elementor-column elementor-col-33 elementor-inner-column elementor-element elementor-element-4b794fb\" data-id=\"4b794fb\" data-element_type=\"column\">\n\t\t\t<div class=\"elementor-widget-wrap elementor-element-populated\">\n\t\t\t\t\t\t<div class=\"elementor-element elementor-element-db1c8b2 elementor-widget elementor-widget-image\" data-id=\"db1c8b2\" data-element_type=\"widget\" data-widget_type=\"image.default\">\n\t\t\t\t<div class=\"elementor-widget-container\">\n\t\t\t\t\t\t\t\t\t\t\t\t\t\t\t<img fetchpriority=\"high\" decoding=\"async\" width=\"410\" height=\"351\" src=\"https:\/\/arani.al\/wp-content\/uploads\/2023\/08\/slider-ph-1.png\" class=\"attachment-large size-large wp-image-5628\" alt=\"\" srcset=\"https:\/\/arani.al\/wp-content\/uploads\/2023\/08\/slider-ph-1.png 410w, https:\/\/arani.al\/wp-content\/uploads\/2023\/08\/slider-ph-1-300x257.png 300w\" sizes=\"(max-width: 410px) 100vw, 410px\" \/>\t\t\t\t\t\t\t\t\t\t\t\t\t\t\t<\/div>\n\t\t\t\t<\/div>\n\t\t\t\t<div class=\"elementor-element elementor-element-92eae00 elementor-widget elementor-widget-heading\" data-id=\"92eae00\" data-element_type=\"widget\" data-widget_type=\"heading.default\">\n\t\t\t\t<div class=\"elementor-widget-container\">\n\t\t\t\t\t<h2 class=\"elementor-heading-title elementor-size-default\">Peskavic\u00eb Speciale<\/h2>\t\t\t\t<\/div>\n\t\t\t\t<\/div>\n\t\t\t\t\t<\/div>\n\t\t<\/div>\n\t\t\t\t<div class=\"elementor-column elementor-col-33 elementor-inner-column elementor-element elementor-element-93ff9bb\" data-id=\"93ff9bb\" data-element_type=\"column\">\n\t\t\t<div class=\"elementor-widget-wrap elementor-element-populated\">\n\t\t\t\t\t\t<div class=\"elementor-element elementor-element-b443b76 elementor-widget elementor-widget-image\" data-id=\"b443b76\" data-element_type=\"widget\" data-widget_type=\"image.default\">\n\t\t\t\t<div class=\"elementor-widget-container\">\n\t\t\t\t\t\t\t\t\t\t\t\t\t\t\t<img fetchpriority=\"high\" decoding=\"async\" width=\"410\" height=\"351\" src=\"https:\/\/arani.al\/wp-content\/uploads\/2023\/08\/slider-ph-1.png\" class=\"attachment-large size-large wp-image-5628\" alt=\"\" srcset=\"https:\/\/arani.al\/wp-content\/uploads\/2023\/08\/slider-ph-1.png 410w, https:\/\/arani.al\/wp-content\/uploads\/2023\/08\/slider-ph-1-300x257.png 300w\" sizes=\"(max-width: 410px) 100vw, 410px\" \/>\t\t\t\t\t\t\t\t\t\t\t\t\t\t\t<\/div>\n\t\t\t\t<\/div>\n\t\t\t\t<div class=\"elementor-element elementor-element-6f3b1a9 elementor-widget elementor-widget-heading\" data-id=\"6f3b1a9\" data-element_type=\"widget\" data-widget_type=\"heading.default\">\n\t\t\t\t<div class=\"elementor-widget-container\">\n\t\t\t\t\t<h2 class=\"elementor-heading-title elementor-size-default\">Saksonia<\/h2>\t\t\t\t<\/div>\n\t\t\t\t<\/div>\n\t\t\t\t\t<\/div>\n\t\t<\/div>\n\t\t\t\t<div class=\"elementor-column elementor-col-33 elementor-inner-column elementor-element elementor-element-39671dc\" data-id=\"39671dc\" data-element_type=\"column\">\n\t\t\t<div class=\"elementor-widget-wrap elementor-element-populated\">\n\t\t\t\t\t\t<div class=\"elementor-element elementor-element-4bc0e6a elementor-widget elementor-widget-image\" data-id=\"4bc0e6a\" data-element_type=\"widget\" data-widget_type=\"image.default\">\n\t\t\t\t<div class=\"elementor-widget-container\">\n\t\t\t\t\t\t\t\t\t\t\t\t\t\t\t<img decoding=\"async\" width=\"500\" height=\"500\" src=\"https:\/\/arani.al\/wp-content\/uploads\/2024\/04\/Sallam-Tirana-01.png\" class=\"attachment-large size-large wp-image-7653\" alt=\"\" srcset=\"https:\/\/arani.al\/wp-content\/uploads\/2024\/04\/Sallam-Tirana-01.png 500w, https:\/\/arani.al\/wp-content\/uploads\/2024\/04\/Sallam-Tirana-01-300x300.png 300w, https:\/\/arani.al\/wp-content\/uploads\/2024\/04\/Sallam-Tirana-01-150x150.png 150w, https:\/\/arani.al\/wp-content\/uploads\/2024\/04\/Sallam-Tirana-01-12x12.png 12w\" sizes=\"(max-width: 500px) 100vw, 500px\" \/>\t\t\t\t\t\t\t\t\t\t\t\t\t\t\t<\/div>\n\t\t\t\t<\/div>\n\t\t\t\t<div class=\"elementor-element elementor-element-e4b17b7 elementor-widget elementor-widget-heading\" data-id=\"e4b17b7\" data-element_type=\"widget\" data-widget_type=\"heading.default\">\n\t\t\t\t<div class=\"elementor-widget-container\">\n\t\t\t\t\t<h2 class=\"elementor-heading-title elementor-size-default\">Sallam Tirana<\/h2>\t\t\t\t<\/div>\n\t\t\t\t<\/div>\n\t\t\t\t\t<\/div>\n\t\t<\/div>\n\t\t\t\t\t<\/div>\n\t\t<\/section>\n\t\t\t\t<section class=\"elementor-section elementor-inner-section elementor-element elementor-element-05b8962 elementor-section-full_width elementor-section-height-default elementor-section-height-default\" data-id=\"05b8962\" data-element_type=\"section\">\n\t\t\t\t\t\t<div class=\"elementor-container elementor-column-gap-default\">\n\t\t\t\t\t<div class=\"elementor-column elementor-col-33 elementor-inner-column elementor-element elementor-element-9779cb8\" data-id=\"9779cb8\" data-element_type=\"column\">\n\t\t\t<div class=\"elementor-widget-wrap elementor-element-populated\">\n\t\t\t\t\t\t<div class=\"elementor-element elementor-element-04d0d12 elementor-widget elementor-widget-image\" data-id=\"04d0d12\" data-element_type=\"widget\" data-widget_type=\"image.default\">\n\t\t\t\t<div class=\"elementor-widget-container\">\n\t\t\t\t\t\t\t\t\t\t\t\t\t\t\t<img fetchpriority=\"high\" decoding=\"async\" width=\"410\" height=\"351\" src=\"https:\/\/arani.al\/wp-content\/uploads\/2023\/08\/slider-ph-1.png\" class=\"attachment-large size-large wp-image-5628\" alt=\"\" srcset=\"https:\/\/arani.al\/wp-content\/uploads\/2023\/08\/slider-ph-1.png 410w, https:\/\/arani.al\/wp-content\/uploads\/2023\/08\/slider-ph-1-300x257.png 300w\" sizes=\"(max-width: 410px) 100vw, 410px\" \/>\t\t\t\t\t\t\t\t\t\t\t\t\t\t\t<\/div>\n\t\t\t\t<\/div>\n\t\t\t\t<div class=\"elementor-element elementor-element-478017a elementor-widget elementor-widget-heading\" data-id=\"478017a\" data-element_type=\"widget\" data-widget_type=\"heading.default\">\n\t\t\t\t<div class=\"elementor-widget-container\">\n\t\t\t\t\t<h2 class=\"elementor-heading-title elementor-size-default\">Llukanik me Presh<\/h2>\t\t\t\t<\/div>\n\t\t\t\t<\/div>\n\t\t\t\t\t<\/div>\n\t\t<\/div>\n\t\t\t\t<div class=\"elementor-column elementor-col-33 elementor-inner-column elementor-element elementor-element-9549eba\" data-id=\"9549eba\" data-element_type=\"column\">\n\t\t\t<div class=\"elementor-widget-wrap\">\n\t\t\t\t\t\t\t<\/div>\n\t\t<\/div>\n\t\t\t\t<div class=\"elementor-column elementor-col-33 elementor-inner-column elementor-element elementor-element-6e3d97c\" data-id=\"6e3d97c\" data-element_type=\"column\">\n\t\t\t<div class=\"elementor-widget-wrap\">\n\t\t\t\t\t\t\t<\/div>\n\t\t<\/div>\n\t\t\t\t\t<\/div>\n\t\t<\/section>\n\t\t\t\t\t<\/div>\n\t\t<\/div>\n\t\t\t\t\t<\/div>\n\t\t<\/section>\n\t\t\t\t<\/div>","protected":false},"excerpt":{"rendered":"<p>PRODUKTE MIKS Mish i Grir\u00eb K\u00ebrnack\u00eb Peskavic\u00eb Peskavic\u00eb Speciale Saksonia Sallam Tirana Llukanik me Presh<\/p>","protected":false},"author":1,"featured_media":0,"parent":0,"menu_order":0,"comment_status":"closed","ping_status":"closed","template":"","meta":{"footnotes":""},"class_list":["post-5346","page","type-page","status-publish","hentry"],"_links":{"self":[{"href":"https:\/\/arani.al\/sq\/wp-json\/wp\/v2\/pages\/5346","targetHints":{"allow":["GET"]}}],"collection":[{"href":"https:\/\/arani.al\/sq\/wp-json\/wp\/v2\/pages"}],"about":[{"href":"https:\/\/arani.al\/sq\/wp-json\/wp\/v2\/types\/page"}],"author":[{"embeddable":true,"href":"https:\/\/arani.al\/sq\/wp-json\/wp\/v2\/users\/1"}],"replies":[{"embeddable":true,"href":"https:\/\/arani.al\/sq\/wp-json\/wp\/v2\/comments?post=5346"}],"version-history":[{"count":122,"href":"https:\/\/arani.al\/sq\/wp-json\/wp\/v2\/pages\/5346\/revisions"}],"predecessor-version":[{"id":7848,"href":"https:\/\/arani.al\/sq\/wp-json\/wp\/v2\/pages\/5346\/revisions\/7848"}],"wp:attachment":[{"href":"https:\/\/arani.al\/sq\/wp-json\/wp\/v2\/media?parent=5346"}],"curies":[{"name":"wp","href":"https:\/\/api.w.org\/{rel}","templated":true}]}}