{"id":4695,"date":"2023-04-29T18:23:52","date_gmt":"2023-04-29T18:23:52","guid":{"rendered":"https:\/\/arani.al\/?page_id=4695"},"modified":"2024-05-31T19:56:38","modified_gmt":"2024-05-31T19:56:38","slug":"chicken-rooster","status":"publish","type":"page","link":"https:\/\/arani.al\/sq\/chicken-rooster\/","title":{"rendered":"Pule &amp; Gjel"},"content":{"rendered":"<div data-elementor-type=\"wp-page\" data-elementor-id=\"4695\" class=\"elementor elementor-4695\">\n\t\t\t\t\t\t<section class=\"elementor-section elementor-top-section elementor-element elementor-element-1f49475d elementor-section-full_width elementor-section-height-default elementor-section-height-default\" data-id=\"1f49475d\" data-element_type=\"section\" data-settings=\"{&quot;background_background&quot;:&quot;classic&quot;}\">\n\t\t\t\t\t\t<div class=\"elementor-container elementor-column-gap-default\">\n\t\t\t\t\t<div class=\"elementor-column elementor-col-100 elementor-top-column elementor-element elementor-element-3e1aeeb9\" data-id=\"3e1aeeb9\" data-element_type=\"column\">\n\t\t\t<div class=\"elementor-widget-wrap elementor-element-populated\">\n\t\t\t\t\t\t<div class=\"elementor-element elementor-element-5657017 elementor-widget__width-initial elementor-widget elementor-widget-heading\" data-id=\"5657017\" data-element_type=\"widget\" data-widget_type=\"heading.default\">\n\t\t\t\t<div class=\"elementor-widget-container\">\n\t\t\t\t\t<h2 class=\"elementor-heading-title elementor-size-default\">PRODUKTE PULE DHE GJELI<\/h2>\t\t\t\t<\/div>\n\t\t\t\t<\/div>\n\t\t\t\t<section class=\"elementor-section elementor-inner-section elementor-element elementor-element-551cca4 elementor-section-full_width elementor-section-height-default elementor-section-height-default\" data-id=\"551cca4\" data-element_type=\"section\">\n\t\t\t\t\t\t<div class=\"elementor-container elementor-column-gap-default\">\n\t\t\t\t\t<div class=\"elementor-column elementor-col-33 elementor-inner-column elementor-element elementor-element-d90d299\" data-id=\"d90d299\" data-element_type=\"column\">\n\t\t\t<div class=\"elementor-widget-wrap elementor-element-populated\">\n\t\t\t\t\t\t<div class=\"elementor-element elementor-element-be43134 elementor-widget elementor-widget-image\" data-id=\"be43134\" data-element_type=\"widget\" data-widget_type=\"image.default\">\n\t\t\t\t<div class=\"elementor-widget-container\">\n\t\t\t\t\t\t\t\t\t\t\t\t\t\t\t<img fetchpriority=\"high\" decoding=\"async\" width=\"410\" height=\"351\" src=\"https:\/\/arani.al\/wp-content\/uploads\/2023\/08\/slider-ph-1.png\" class=\"attachment-large size-large wp-image-5628\" alt=\"\" srcset=\"https:\/\/arani.al\/wp-content\/uploads\/2023\/08\/slider-ph-1.png 410w, https:\/\/arani.al\/wp-content\/uploads\/2023\/08\/slider-ph-1-300x257.png 300w\" sizes=\"(max-width: 410px) 100vw, 410px\" \/>\t\t\t\t\t\t\t\t\t\t\t\t\t\t\t<\/div>\n\t\t\t\t<\/div>\n\t\t\t\t<div class=\"elementor-element elementor-element-4ae74d2 elementor-widget elementor-widget-heading\" data-id=\"4ae74d2\" data-element_type=\"widget\" data-widget_type=\"heading.default\">\n\t\t\t\t<div class=\"elementor-widget-container\">\n\t\t\t\t\t<h2 class=\"elementor-heading-title elementor-size-default\">Qofte Me Fileto Pule<\/h2>\t\t\t\t<\/div>\n\t\t\t\t<\/div>\n\t\t\t\t\t<\/div>\n\t\t<\/div>\n\t\t\t\t<div class=\"elementor-column elementor-col-33 elementor-inner-column elementor-element elementor-element-2e2de6c\" data-id=\"2e2de6c\" data-element_type=\"column\">\n\t\t\t<div class=\"elementor-widget-wrap elementor-element-populated\">\n\t\t\t\t\t\t<div class=\"elementor-element elementor-element-a8c4745 elementor-widget elementor-widget-image\" data-id=\"a8c4745\" data-element_type=\"widget\" data-widget_type=\"image.default\">\n\t\t\t\t<div class=\"elementor-widget-container\">\n\t\t\t\t\t\t\t\t\t\t\t\t\t\t\t<img fetchpriority=\"high\" decoding=\"async\" width=\"410\" height=\"351\" src=\"https:\/\/arani.al\/wp-content\/uploads\/2023\/08\/slider-ph-1.png\" class=\"attachment-large size-large wp-image-5628\" alt=\"\" srcset=\"https:\/\/arani.al\/wp-content\/uploads\/2023\/08\/slider-ph-1.png 410w, https:\/\/arani.al\/wp-content\/uploads\/2023\/08\/slider-ph-1-300x257.png 300w\" sizes=\"(max-width: 410px) 100vw, 410px\" \/>\t\t\t\t\t\t\t\t\t\t\t\t\t\t\t<\/div>\n\t\t\t\t<\/div>\n\t\t\t\t<div class=\"elementor-element elementor-element-0327135 elementor-widget elementor-widget-heading\" data-id=\"0327135\" data-element_type=\"widget\" data-widget_type=\"heading.default\">\n\t\t\t\t<div class=\"elementor-widget-container\">\n\t\t\t\t\t<h2 class=\"elementor-heading-title elementor-size-default\">Qofte Pule<\/h2>\t\t\t\t<\/div>\n\t\t\t\t<\/div>\n\t\t\t\t\t<\/div>\n\t\t<\/div>\n\t\t\t\t<div class=\"elementor-column elementor-col-33 elementor-inner-column elementor-element elementor-element-556810c\" data-id=\"556810c\" data-element_type=\"column\">\n\t\t\t<div class=\"elementor-widget-wrap elementor-element-populated\">\n\t\t\t\t\t\t<div class=\"elementor-element elementor-element-bf7a147 elementor-widget elementor-widget-image\" data-id=\"bf7a147\" data-element_type=\"widget\" data-widget_type=\"image.default\">\n\t\t\t\t<div class=\"elementor-widget-container\">\n\t\t\t\t\t\t\t\t\t\t\t\t\t\t\t<img fetchpriority=\"high\" decoding=\"async\" width=\"410\" height=\"351\" src=\"https:\/\/arani.al\/wp-content\/uploads\/2023\/08\/slider-ph-1.png\" class=\"attachment-large size-large wp-image-5628\" alt=\"\" srcset=\"https:\/\/arani.al\/wp-content\/uploads\/2023\/08\/slider-ph-1.png 410w, https:\/\/arani.al\/wp-content\/uploads\/2023\/08\/slider-ph-1-300x257.png 300w\" sizes=\"(max-width: 410px) 100vw, 410px\" \/>\t\t\t\t\t\t\t\t\t\t\t\t\t\t\t<\/div>\n\t\t\t\t<\/div>\n\t\t\t\t<div class=\"elementor-element elementor-element-f488223 elementor-widget elementor-widget-heading\" data-id=\"f488223\" data-element_type=\"widget\" data-widget_type=\"heading.default\">\n\t\t\t\t<div class=\"elementor-widget-container\">\n\t\t\t\t\t<h2 class=\"elementor-heading-title elementor-size-default\">Qofte Kacaku Bela\u200b<\/h2>\t\t\t\t<\/div>\n\t\t\t\t<\/div>\n\t\t\t\t\t<\/div>\n\t\t<\/div>\n\t\t\t\t\t<\/div>\n\t\t<\/section>\n\t\t\t\t<section class=\"elementor-section elementor-inner-section elementor-element elementor-element-17f744f elementor-section-full_width elementor-section-height-default elementor-section-height-default\" data-id=\"17f744f\" data-element_type=\"section\">\n\t\t\t\t\t\t<div class=\"elementor-container elementor-column-gap-default\">\n\t\t\t\t\t<div class=\"elementor-column elementor-col-33 elementor-inner-column elementor-element elementor-element-cb569d8\" data-id=\"cb569d8\" data-element_type=\"column\">\n\t\t\t<div class=\"elementor-widget-wrap elementor-element-populated\">\n\t\t\t\t\t\t<div class=\"elementor-element elementor-element-ce57262 elementor-widget elementor-widget-image\" data-id=\"ce57262\" data-element_type=\"widget\" data-widget_type=\"image.default\">\n\t\t\t\t<div class=\"elementor-widget-container\">\n\t\t\t\t\t\t\t\t\t\t\t\t\t\t\t<img fetchpriority=\"high\" decoding=\"async\" width=\"410\" height=\"351\" src=\"https:\/\/arani.al\/wp-content\/uploads\/2023\/08\/slider-ph-1.png\" class=\"attachment-large size-large wp-image-5628\" alt=\"\" srcset=\"https:\/\/arani.al\/wp-content\/uploads\/2023\/08\/slider-ph-1.png 410w, https:\/\/arani.al\/wp-content\/uploads\/2023\/08\/slider-ph-1-300x257.png 300w\" sizes=\"(max-width: 410px) 100vw, 410px\" \/>\t\t\t\t\t\t\t\t\t\t\t\t\t\t\t<\/div>\n\t\t\t\t<\/div>\n\t\t\t\t<div class=\"elementor-element elementor-element-d54ea9a elementor-widget elementor-widget-heading\" data-id=\"d54ea9a\" data-element_type=\"widget\" data-widget_type=\"heading.default\">\n\t\t\t\t<div class=\"elementor-widget-container\">\n\t\t\t\t\t<h2 class=\"elementor-heading-title elementor-size-default\">Chicken Fingers<\/h2>\t\t\t\t<\/div>\n\t\t\t\t<\/div>\n\t\t\t\t\t<\/div>\n\t\t<\/div>\n\t\t\t\t<div class=\"elementor-column elementor-col-33 elementor-inner-column elementor-element elementor-element-c5a4d9b\" data-id=\"c5a4d9b\" data-element_type=\"column\">\n\t\t\t<div class=\"elementor-widget-wrap elementor-element-populated\">\n\t\t\t\t\t\t<div class=\"elementor-element elementor-element-0b407e3 elementor-widget elementor-widget-image\" data-id=\"0b407e3\" data-element_type=\"widget\" data-widget_type=\"image.default\">\n\t\t\t\t<div class=\"elementor-widget-container\">\n\t\t\t\t\t\t\t\t\t\t\t\t\t\t\t<img fetchpriority=\"high\" decoding=\"async\" width=\"410\" height=\"351\" src=\"https:\/\/arani.al\/wp-content\/uploads\/2023\/08\/slider-ph-1.png\" class=\"attachment-large size-large wp-image-5628\" alt=\"\" srcset=\"https:\/\/arani.al\/wp-content\/uploads\/2023\/08\/slider-ph-1.png 410w, https:\/\/arani.al\/wp-content\/uploads\/2023\/08\/slider-ph-1-300x257.png 300w\" sizes=\"(max-width: 410px) 100vw, 410px\" \/>\t\t\t\t\t\t\t\t\t\t\t\t\t\t\t<\/div>\n\t\t\t\t<\/div>\n\t\t\t\t<div class=\"elementor-element elementor-element-f4baac7 elementor-widget elementor-widget-heading\" data-id=\"f4baac7\" data-element_type=\"widget\" data-widget_type=\"heading.default\">\n\t\t\t\t<div class=\"elementor-widget-container\">\n\t\t\t\t\t<h2 class=\"elementor-heading-title elementor-size-default\">Ligavec<\/h2>\t\t\t\t<\/div>\n\t\t\t\t<\/div>\n\t\t\t\t\t<\/div>\n\t\t<\/div>\n\t\t\t\t<div class=\"elementor-column elementor-col-33 elementor-inner-column elementor-element elementor-element-fb0d320\" data-id=\"fb0d320\" data-element_type=\"column\">\n\t\t\t<div class=\"elementor-widget-wrap elementor-element-populated\">\n\t\t\t\t\t\t<div class=\"elementor-element elementor-element-6aa56ac elementor-widget elementor-widget-image\" data-id=\"6aa56ac\" data-element_type=\"widget\" data-widget_type=\"image.default\">\n\t\t\t\t<div class=\"elementor-widget-container\">\n\t\t\t\t\t\t\t\t\t\t\t\t\t\t\t<img fetchpriority=\"high\" decoding=\"async\" width=\"410\" height=\"351\" src=\"https:\/\/arani.al\/wp-content\/uploads\/2023\/08\/slider-ph-1.png\" class=\"attachment-large size-large wp-image-5628\" alt=\"\" srcset=\"https:\/\/arani.al\/wp-content\/uploads\/2023\/08\/slider-ph-1.png 410w, https:\/\/arani.al\/wp-content\/uploads\/2023\/08\/slider-ph-1-300x257.png 300w\" sizes=\"(max-width: 410px) 100vw, 410px\" \/>\t\t\t\t\t\t\t\t\t\t\t\t\t\t\t<\/div>\n\t\t\t\t<\/div>\n\t\t\t\t<div class=\"elementor-element elementor-element-facc12d elementor-widget elementor-widget-heading\" data-id=\"facc12d\" data-element_type=\"widget\" data-widget_type=\"heading.default\">\n\t\t\t\t<div class=\"elementor-widget-container\">\n\t\t\t\t\t<h2 class=\"elementor-heading-title elementor-size-default\">Bratwurst<\/h2>\t\t\t\t<\/div>\n\t\t\t\t<\/div>\n\t\t\t\t\t<\/div>\n\t\t<\/div>\n\t\t\t\t\t<\/div>\n\t\t<\/section>\n\t\t\t\t<section class=\"elementor-section elementor-inner-section elementor-element elementor-element-ae5f062 elementor-section-full_width elementor-section-height-default elementor-section-height-default\" data-id=\"ae5f062\" data-element_type=\"section\">\n\t\t\t\t\t\t<div class=\"elementor-container elementor-column-gap-default\">\n\t\t\t\t\t<div class=\"elementor-column elementor-col-33 elementor-inner-column elementor-element elementor-element-5e92658\" data-id=\"5e92658\" data-element_type=\"column\">\n\t\t\t<div class=\"elementor-widget-wrap elementor-element-populated\">\n\t\t\t\t\t\t<div class=\"elementor-element elementor-element-10b641c elementor-widget elementor-widget-image\" data-id=\"10b641c\" data-element_type=\"widget\" data-widget_type=\"image.default\">\n\t\t\t\t<div class=\"elementor-widget-container\">\n\t\t\t\t\t\t\t\t\t\t\t\t\t\t\t<img fetchpriority=\"high\" decoding=\"async\" width=\"410\" height=\"351\" src=\"https:\/\/arani.al\/wp-content\/uploads\/2023\/08\/slider-ph-1.png\" class=\"attachment-large size-large wp-image-5628\" alt=\"\" srcset=\"https:\/\/arani.al\/wp-content\/uploads\/2023\/08\/slider-ph-1.png 410w, https:\/\/arani.al\/wp-content\/uploads\/2023\/08\/slider-ph-1-300x257.png 300w\" sizes=\"(max-width: 410px) 100vw, 410px\" \/>\t\t\t\t\t\t\t\t\t\t\t\t\t\t\t<\/div>\n\t\t\t\t<\/div>\n\t\t\t\t<div class=\"elementor-element elementor-element-469ea61 elementor-widget elementor-widget-heading\" data-id=\"469ea61\" data-element_type=\"widget\" data-widget_type=\"heading.default\">\n\t\t\t\t<div class=\"elementor-widget-container\">\n\t\t\t\t\t<h2 class=\"elementor-heading-title elementor-size-default\">Chicken Wings<\/h2>\t\t\t\t<\/div>\n\t\t\t\t<\/div>\n\t\t\t\t\t<\/div>\n\t\t<\/div>\n\t\t\t\t<div class=\"elementor-column elementor-col-33 elementor-inner-column elementor-element elementor-element-7cae925\" data-id=\"7cae925\" data-element_type=\"column\">\n\t\t\t<div class=\"elementor-widget-wrap elementor-element-populated\">\n\t\t\t\t\t\t<div class=\"elementor-element elementor-element-3759d01 elementor-widget elementor-widget-image\" data-id=\"3759d01\" data-element_type=\"widget\" data-widget_type=\"image.default\">\n\t\t\t\t<div class=\"elementor-widget-container\">\n\t\t\t\t\t\t\t\t\t\t\t\t\t\t\t<img fetchpriority=\"high\" decoding=\"async\" width=\"410\" height=\"351\" src=\"https:\/\/arani.al\/wp-content\/uploads\/2023\/08\/slider-ph-1.png\" class=\"attachment-large size-large wp-image-5628\" alt=\"\" srcset=\"https:\/\/arani.al\/wp-content\/uploads\/2023\/08\/slider-ph-1.png 410w, https:\/\/arani.al\/wp-content\/uploads\/2023\/08\/slider-ph-1-300x257.png 300w\" sizes=\"(max-width: 410px) 100vw, 410px\" \/>\t\t\t\t\t\t\t\t\t\t\t\t\t\t\t<\/div>\n\t\t\t\t<\/div>\n\t\t\t\t<div class=\"elementor-element elementor-element-4db6140 elementor-widget elementor-widget-heading\" data-id=\"4db6140\" data-element_type=\"widget\" data-widget_type=\"heading.default\">\n\t\t\t\t<div class=\"elementor-widget-container\">\n\t\t\t\t\t<h2 class=\"elementor-heading-title elementor-size-default\">Frankfurter<\/h2>\t\t\t\t<\/div>\n\t\t\t\t<\/div>\n\t\t\t\t\t<\/div>\n\t\t<\/div>\n\t\t\t\t<div class=\"elementor-column elementor-col-33 elementor-inner-column elementor-element elementor-element-ad146da\" data-id=\"ad146da\" data-element_type=\"column\">\n\t\t\t<div class=\"elementor-widget-wrap elementor-element-populated\">\n\t\t\t\t\t\t<div class=\"elementor-element elementor-element-4447d54 elementor-widget elementor-widget-image\" data-id=\"4447d54\" data-element_type=\"widget\" data-widget_type=\"image.default\">\n\t\t\t\t<div class=\"elementor-widget-container\">\n\t\t\t\t\t\t\t\t\t\t\t\t\t\t\t<img fetchpriority=\"high\" decoding=\"async\" width=\"410\" height=\"351\" src=\"https:\/\/arani.al\/wp-content\/uploads\/2023\/08\/slider-ph-1.png\" class=\"attachment-large size-large wp-image-5628\" alt=\"\" srcset=\"https:\/\/arani.al\/wp-content\/uploads\/2023\/08\/slider-ph-1.png 410w, https:\/\/arani.al\/wp-content\/uploads\/2023\/08\/slider-ph-1-300x257.png 300w\" sizes=\"(max-width: 410px) 100vw, 410px\" \/>\t\t\t\t\t\t\t\t\t\t\t\t\t\t\t<\/div>\n\t\t\t\t<\/div>\n\t\t\t\t<div class=\"elementor-element elementor-element-6d27e90 elementor-widget elementor-widget-heading\" data-id=\"6d27e90\" data-element_type=\"widget\" data-widget_type=\"heading.default\">\n\t\t\t\t<div class=\"elementor-widget-container\">\n\t\t\t\t\t<h2 class=\"elementor-heading-title elementor-size-default\">Sal\u00e7i\u00e7e Pule<\/h2>\t\t\t\t<\/div>\n\t\t\t\t<\/div>\n\t\t\t\t\t<\/div>\n\t\t<\/div>\n\t\t\t\t\t<\/div>\n\t\t<\/section>\n\t\t\t\t<section class=\"elementor-section elementor-inner-section elementor-element elementor-element-732921f elementor-section-full_width elementor-section-height-default elementor-section-height-default\" data-id=\"732921f\" data-element_type=\"section\">\n\t\t\t\t\t\t<div class=\"elementor-container elementor-column-gap-default\">\n\t\t\t\t\t<div class=\"elementor-column elementor-col-33 elementor-inner-column elementor-element elementor-element-5876805\" data-id=\"5876805\" data-element_type=\"column\">\n\t\t\t<div class=\"elementor-widget-wrap elementor-element-populated\">\n\t\t\t\t\t\t<div class=\"elementor-element elementor-element-1f04006 elementor-widget elementor-widget-image\" data-id=\"1f04006\" data-element_type=\"widget\" data-widget_type=\"image.default\">\n\t\t\t\t<div class=\"elementor-widget-container\">\n\t\t\t\t\t\t\t\t\t\t\t\t\t\t\t<img fetchpriority=\"high\" decoding=\"async\" width=\"410\" height=\"351\" src=\"https:\/\/arani.al\/wp-content\/uploads\/2023\/08\/slider-ph-1.png\" class=\"attachment-large size-large wp-image-5628\" alt=\"\" srcset=\"https:\/\/arani.al\/wp-content\/uploads\/2023\/08\/slider-ph-1.png 410w, https:\/\/arani.al\/wp-content\/uploads\/2023\/08\/slider-ph-1-300x257.png 300w\" sizes=\"(max-width: 410px) 100vw, 410px\" \/>\t\t\t\t\t\t\t\t\t\t\t\t\t\t\t<\/div>\n\t\t\t\t<\/div>\n\t\t\t\t<div class=\"elementor-element elementor-element-42ace20 elementor-widget elementor-widget-heading\" data-id=\"42ace20\" data-element_type=\"widget\" data-widget_type=\"heading.default\">\n\t\t\t\t<div class=\"elementor-widget-container\">\n\t\t\t\t\t<h2 class=\"elementor-heading-title elementor-size-default\">Kremvi\u00e7e Pule<\/h2>\t\t\t\t<\/div>\n\t\t\t\t<\/div>\n\t\t\t\t\t<\/div>\n\t\t<\/div>\n\t\t\t\t<div class=\"elementor-column elementor-col-33 elementor-inner-column elementor-element elementor-element-2f308ce\" data-id=\"2f308ce\" data-element_type=\"column\">\n\t\t\t<div class=\"elementor-widget-wrap elementor-element-populated\">\n\t\t\t\t\t\t<div class=\"elementor-element elementor-element-3c9c82a elementor-widget elementor-widget-image\" data-id=\"3c9c82a\" data-element_type=\"widget\" data-widget_type=\"image.default\">\n\t\t\t\t<div class=\"elementor-widget-container\">\n\t\t\t\t\t\t\t\t\t\t\t\t\t\t\t<img fetchpriority=\"high\" decoding=\"async\" width=\"410\" height=\"351\" src=\"https:\/\/arani.al\/wp-content\/uploads\/2023\/08\/slider-ph-1.png\" class=\"attachment-large size-large wp-image-5628\" alt=\"\" srcset=\"https:\/\/arani.al\/wp-content\/uploads\/2023\/08\/slider-ph-1.png 410w, https:\/\/arani.al\/wp-content\/uploads\/2023\/08\/slider-ph-1-300x257.png 300w\" sizes=\"(max-width: 410px) 100vw, 410px\" \/>\t\t\t\t\t\t\t\t\t\t\t\t\t\t\t<\/div>\n\t\t\t\t<\/div>\n\t\t\t\t<div class=\"elementor-element elementor-element-51f06a8 elementor-widget elementor-widget-heading\" data-id=\"51f06a8\" data-element_type=\"widget\" data-widget_type=\"heading.default\">\n\t\t\t\t<div class=\"elementor-widget-container\">\n\t\t\t\t\t<h2 class=\"elementor-heading-title elementor-size-default\">Kotolet\u00eb Pule<\/h2>\t\t\t\t<\/div>\n\t\t\t\t<\/div>\n\t\t\t\t\t<\/div>\n\t\t<\/div>\n\t\t\t\t<div class=\"elementor-column elementor-col-33 elementor-inner-column elementor-element elementor-element-dbd4c56\" data-id=\"dbd4c56\" data-element_type=\"column\">\n\t\t\t<div class=\"elementor-widget-wrap elementor-element-populated\">\n\t\t\t\t\t\t<div class=\"elementor-element elementor-element-6afb77c elementor-widget elementor-widget-image\" data-id=\"6afb77c\" data-element_type=\"widget\" data-widget_type=\"image.default\">\n\t\t\t\t<div class=\"elementor-widget-container\">\n\t\t\t\t\t\t\t\t\t\t\t\t\t\t\t<img fetchpriority=\"high\" decoding=\"async\" width=\"410\" height=\"351\" src=\"https:\/\/arani.al\/wp-content\/uploads\/2023\/08\/slider-ph-1.png\" class=\"attachment-large size-large wp-image-5628\" alt=\"\" srcset=\"https:\/\/arani.al\/wp-content\/uploads\/2023\/08\/slider-ph-1.png 410w, https:\/\/arani.al\/wp-content\/uploads\/2023\/08\/slider-ph-1-300x257.png 300w\" sizes=\"(max-width: 410px) 100vw, 410px\" \/>\t\t\t\t\t\t\t\t\t\t\t\t\t\t\t<\/div>\n\t\t\t\t<\/div>\n\t\t\t\t<div class=\"elementor-element elementor-element-9ff88a5 elementor-widget elementor-widget-heading\" data-id=\"9ff88a5\" data-element_type=\"widget\" data-widget_type=\"heading.default\">\n\t\t\t\t<div class=\"elementor-widget-container\">\n\t\t\t\t\t<h2 class=\"elementor-heading-title elementor-size-default\">Fileto Pule<\/h2>\t\t\t\t<\/div>\n\t\t\t\t<\/div>\n\t\t\t\t\t<\/div>\n\t\t<\/div>\n\t\t\t\t\t<\/div>\n\t\t<\/section>\n\t\t\t\t<section class=\"elementor-section elementor-inner-section elementor-element elementor-element-5bf4d5b elementor-section-full_width elementor-section-height-default elementor-section-height-default\" data-id=\"5bf4d5b\" data-element_type=\"section\">\n\t\t\t\t\t\t<div class=\"elementor-container elementor-column-gap-default\">\n\t\t\t\t\t<div class=\"elementor-column elementor-col-33 elementor-inner-column elementor-element elementor-element-11baf09\" data-id=\"11baf09\" data-element_type=\"column\">\n\t\t\t<div class=\"elementor-widget-wrap elementor-element-populated\">\n\t\t\t\t\t\t<div class=\"elementor-element elementor-element-19fce96 elementor-widget elementor-widget-image\" data-id=\"19fce96\" data-element_type=\"widget\" data-widget_type=\"image.default\">\n\t\t\t\t<div class=\"elementor-widget-container\">\n\t\t\t\t\t\t\t\t\t\t\t\t\t\t\t<img fetchpriority=\"high\" decoding=\"async\" width=\"410\" height=\"351\" src=\"https:\/\/arani.al\/wp-content\/uploads\/2023\/08\/slider-ph-1.png\" class=\"attachment-large size-large wp-image-5628\" alt=\"\" srcset=\"https:\/\/arani.al\/wp-content\/uploads\/2023\/08\/slider-ph-1.png 410w, https:\/\/arani.al\/wp-content\/uploads\/2023\/08\/slider-ph-1-300x257.png 300w\" sizes=\"(max-width: 410px) 100vw, 410px\" \/>\t\t\t\t\t\t\t\t\t\t\t\t\t\t\t<\/div>\n\t\t\t\t<\/div>\n\t\t\t\t<div class=\"elementor-element elementor-element-c322d80 elementor-widget elementor-widget-heading\" data-id=\"c322d80\" data-element_type=\"widget\" data-widget_type=\"heading.default\">\n\t\t\t\t<div class=\"elementor-widget-container\">\n\t\t\t\t\t<h2 class=\"elementor-heading-title elementor-size-default\">Proshut\u00eb Pule<\/h2>\t\t\t\t<\/div>\n\t\t\t\t<\/div>\n\t\t\t\t\t<\/div>\n\t\t<\/div>\n\t\t\t\t<div class=\"elementor-column elementor-col-33 elementor-inner-column elementor-element elementor-element-98c2948\" data-id=\"98c2948\" data-element_type=\"column\">\n\t\t\t<div class=\"elementor-widget-wrap elementor-element-populated\">\n\t\t\t\t\t\t<div class=\"elementor-element elementor-element-6009827 elementor-widget elementor-widget-image\" data-id=\"6009827\" data-element_type=\"widget\" data-widget_type=\"image.default\">\n\t\t\t\t<div class=\"elementor-widget-container\">\n\t\t\t\t\t\t\t\t\t\t\t\t\t\t\t<img fetchpriority=\"high\" decoding=\"async\" width=\"410\" height=\"351\" src=\"https:\/\/arani.al\/wp-content\/uploads\/2023\/08\/slider-ph-1.png\" class=\"attachment-large size-large wp-image-5628\" alt=\"\" srcset=\"https:\/\/arani.al\/wp-content\/uploads\/2023\/08\/slider-ph-1.png 410w, https:\/\/arani.al\/wp-content\/uploads\/2023\/08\/slider-ph-1-300x257.png 300w\" sizes=\"(max-width: 410px) 100vw, 410px\" \/>\t\t\t\t\t\t\t\t\t\t\t\t\t\t\t<\/div>\n\t\t\t\t<\/div>\n\t\t\t\t<div class=\"elementor-element elementor-element-9a8252c elementor-widget elementor-widget-heading\" data-id=\"9a8252c\" data-element_type=\"widget\" data-widget_type=\"heading.default\">\n\t\t\t\t<div class=\"elementor-widget-container\">\n\t\t\t\t\t<h2 class=\"elementor-heading-title elementor-size-default\">Pariza Pule<\/h2>\t\t\t\t<\/div>\n\t\t\t\t<\/div>\n\t\t\t\t\t<\/div>\n\t\t<\/div>\n\t\t\t\t<div class=\"elementor-column elementor-col-33 elementor-inner-column elementor-element elementor-element-c0141bc\" data-id=\"c0141bc\" data-element_type=\"column\">\n\t\t\t<div class=\"elementor-widget-wrap\">\n\t\t\t\t\t\t\t<\/div>\n\t\t<\/div>\n\t\t\t\t\t<\/div>\n\t\t<\/section>\n\t\t\t\t\t<\/div>\n\t\t<\/div>\n\t\t\t\t\t<\/div>\n\t\t<\/section>\n\t\t\t\t<\/div>","protected":false},"excerpt":{"rendered":"<p>PRODUKTE PULE DHE GJELI Qofte Me Fileto Pule Qofte Pule Qofte Kacaku Bela\u200b Chicken Fingers Ligavec Bratwurst Chicken Wings Frankfurter Sal\u00e7i\u00e7e Pule Kremvi\u00e7e Pule Kotolet\u00eb Pule Fileto Pule Proshut\u00eb Pule Pariza Pule<\/p>","protected":false},"author":1,"featured_media":0,"parent":0,"menu_order":0,"comment_status":"closed","ping_status":"closed","template":"","meta":{"footnotes":""},"class_list":["post-4695","page","type-page","status-publish","hentry"],"_links":{"self":[{"href":"https:\/\/arani.al\/sq\/wp-json\/wp\/v2\/pages\/4695","targetHints":{"allow":["GET"]}}],"collection":[{"href":"https:\/\/arani.al\/sq\/wp-json\/wp\/v2\/pages"}],"about":[{"href":"https:\/\/arani.al\/sq\/wp-json\/wp\/v2\/types\/page"}],"author":[{"embeddable":true,"href":"https:\/\/arani.al\/sq\/wp-json\/wp\/v2\/users\/1"}],"replies":[{"embeddable":true,"href":"https:\/\/arani.al\/sq\/wp-json\/wp\/v2\/comments?post=4695"}],"version-history":[{"count":335,"href":"https:\/\/arani.al\/sq\/wp-json\/wp\/v2\/pages\/4695\/revisions"}],"predecessor-version":[{"id":7827,"href":"https:\/\/arani.al\/sq\/wp-json\/wp\/v2\/pages\/4695\/revisions\/7827"}],"wp:attachment":[{"href":"https:\/\/arani.al\/sq\/wp-json\/wp\/v2\/media?parent=4695"}],"curies":[{"name":"wp","href":"https:\/\/api.w.org\/{rel}","templated":true}]}}